{"id":491,"date":"2022-06-14T11:54:05","date_gmt":"2022-06-14T09:54:05","guid":{"rendered":"https:\/\/bizraise.no\/?page_id=491"},"modified":"2025-12-12T18:34:15","modified_gmt":"2025-12-12T17:34:15","slug":"tjenester","status":"publish","type":"page","link":"https:\/\/bizraise.no\/en\/tjenester\/","title":{"rendered":"Services"},"content":{"rendered":"<div class=\"wp-block-group alignfull is-layout-flow wp-block-group-is-layout-flow\" style=\"padding-top:0px;padding-bottom:0px\">\n<div style=\"height:1px\" aria-hidden=\"true\" class=\"wp-block-spacer\"><\/div>\n\n\n\n<div class=\"wp-block-columns is-layout-flex wp-container-core-columns-is-layout-f56f613f wp-block-columns-is-layout-flex\">\n<div class=\"wp-block-column is-layout-flow wp-block-column-is-layout-flow\" style=\"flex-basis:50%\">\n<h2 class=\"wp-block-heading margin-bottom-none has-custom-superdark-color has-text-color has-arial-font-family has-custom-font has-custom-transform\" id=\"kjop-salg\" style=\"font-size:25px;font-family:Arial;text-transform:uppercase\"><strong>Mergers and acquisitions <\/strong><\/h2>\n\n\n\n<div class=\"wp-block-group is-layout-flow wp-container-core-group-is-layout-6df41e22 wp-block-group-is-layout-flow\">\n<hr class=\"wp-block-separator has-css-opacity is-style-wide margin-top-none margin-bottom-none\"\/>\n\n\n\n<p class=\"margin-top-half has-arial-font-family has-custom-font wp-block-paragraph\" style=\"font-size:18px;font-family:Arial\">De siste 10 \u00e5rene har vi v\u00e6rt involvert i mer enn 50 bedriftssalg. De fleste oppdrag har v\u00e6rt individuelle, men vi har ogs\u00e5 st\u00e5ende oppdrag fra grupperinger som \u00f8nsker \u00e5 kj\u00f8pe vekst, og som velger \u00e5 ikke st\u00e5 fram med fullt navn. Vi bist\u00e5r ofte i oppl\u00f8p til et salg, der vi g\u00e5r sammen med ledelse eller styre som en ressurs for \u00e5 vurdere muligheter til \u00e5 \u00f8ke verdien p\u00e5 salgsobjektet. En salgsprosess tar gjerne 12 \u2013 18 m\u00e5neder.&nbsp; Vi tar p\u00e5 oss kj\u00f8p og salg av bedrifter i \u00f8stfold under navnet \u00d8stfold bedriftsmegling. Se nettsiden <a href=\"https:\/\/www.\u00f8bm.no\" target=\"_blank\" data-type=\"URL\" data-id=\"https:\/\/www.\u00f8bm.no\" rel=\"noreferrer noopener\">\u00f8bm.no<\/a><\/p>\n<\/div>\n<\/div>\n\n\n\n<div class=\"wp-block-column is-layout-flow wp-block-column-is-layout-flow\" style=\"flex-basis:50%\">\n<h2 class=\"wp-block-heading margin-bottom-none has-custom-superdark-color has-text-color has-arial-font-family has-custom-font has-custom-transform\" id=\"markedsarbeid\" style=\"font-size:25px;text-transform:uppercase;font-family:Arial\"><strong>Marketing<\/strong><\/h2>\n\n\n\n<div class=\"wp-block-group is-layout-flow wp-container-core-group-is-layout-bf2af46a wp-block-group-is-layout-flow\">\n<hr class=\"wp-block-separator has-css-opacity is-style-wide margin-top-none margin-bottom-none\"\/>\n\n\n\n<p class=\"has-arial-font-family has-custom-font wp-block-paragraph\" style=\"font-size:18px;font-family:Arial\"> Bizraise ser verdien med innholdsmsarkedsf\u00f8ring og legger merke til at mange bedrifter sliter med \u00e5 produsere innhold p\u00e5 sosiale medier.&nbsp;Ved \u00e5 v\u00e6re aktiv p\u00e5 sosiale medier vil nye kunder se bedriftens \u00f8nske om \u00e5 v\u00e6re tilgjengelig for kundene. Samtidig vil det bidra til s\u00f8kemotoroptimalisering, noe vi ogs\u00e5 jobber mye med. Bizraise er tilgengelig som produsent av innhold, b\u00e5de organisk, og betalte annonser. I tillegg kan vi bist\u00e5 med e-postmarkedsf\u00f8ring. Vi bruker <a href=\"https:\/\/markedskonsult.no\" data-type=\"URL\" data-id=\"https:\/\/markedskonsult.no\" target=\"_blank\" rel=\"noreferrer noopener\">Markedskonsult<\/a> i v\u00e5re tjenester innen markedsf\u00f8ring. <\/p>\n<\/div>\n<\/div>\n<\/div>\n\n\n\n<div class=\"wp-block-group is-layout-flow wp-block-group-is-layout-flow\" style=\"padding-top:0px;padding-bottom:0px\">\n<div style=\"height:1px\" aria-hidden=\"true\" class=\"wp-block-spacer\"><\/div>\n\n\n\n<div class=\"wp-block-columns is-layout-flex wp-container-core-columns-is-layout-f56f613f wp-block-columns-is-layout-flex\">\n<div class=\"wp-block-column is-layout-flow wp-block-column-is-layout-flow\" style=\"flex-basis:50%\">\n<h2 class=\"wp-block-heading margin-bottom-none has-custom-superdark-color has-text-color has-arial-font-family has-custom-font has-custom-transform\" id=\"forretningsutvikling\" style=\"font-size:25px;font-family:Arial;text-transform:uppercase\"><strong>Business development<\/strong><\/h2>\n\n\n\n<div class=\"wp-block-group is-layout-flow wp-container-core-group-is-layout-6df41e22 wp-block-group-is-layout-flow\">\n<hr class=\"wp-block-separator has-css-opacity is-style-wide margin-top-none margin-bottom-none\"\/>\n\n\n\n<p class=\"has-arial-font-family has-custom-font wp-block-paragraph\" style=\"font-size:18px;font-family:Arial\">A great many of our engagements concern business development within one or more of these points:&nbsp;<\/p>\n\n\n\n<ul style=\"font-size:15px\" class=\"wp-block-list\">\n<li class=\"has-albert-sans-font-family\" style=\"font-size:18px;font-style:normal;font-weight:500\">develop new services and solutions<\/li>\n\n\n\n<li class=\"has-albert-sans-font-family\" style=\"font-size:18px;font-style:normal;font-weight:500\">write and design business plans<\/li>\n\n\n\n<li class=\"has-albert-sans-font-family\" style=\"font-size:18px;font-style:normal;font-weight:500\">design concrete business models<\/li>\n\n\n\n<li class=\"has-albert-sans-font-family\" style=\"font-size:18px;font-style:normal;font-weight:500\">analysis of the market, customers and competitors<\/li>\n\n\n\n<li class=\"has-albert-sans-font-family\" style=\"font-size:18px;font-style:normal;font-weight:500\">establish new enterprises and business units<\/li>\n\n\n\n<li class=\"has-albert-sans-font-family\" style=\"font-size:18px;font-style:normal;font-weight:500\">establish and further develop offers based on market needs<\/li>\n\n\n\n<li class=\"has-albert-sans-font-family\" style=\"font-size:18px;font-style:normal;font-weight:500\">assess market opportunities and monitor trends and developments in the market<\/li>\n\n\n\n<li class=\"has-albert-sans-font-family\" style=\"font-size:18px;font-style:normal;font-weight:500\">strengthen, upgrade and improve already established products (goods and services)<\/li>\n<\/ul>\n\n\n\n<p class=\"has-arial-font-family has-custom-font wp-block-paragraph\" style=\"font-size:18px;font-family:Arial\">Our strength from work in almost all industries over the past 30 years is to find and develop business-related and organizational synergies. How to assess the advantages and disadvantages of different types of interaction within the company, and in interaction with partners or other companies and organisations.&nbsp;<\/p>\n<\/div>\n<\/div>\n\n\n\n<div class=\"wp-block-column is-layout-flow wp-block-column-is-layout-flow\" style=\"flex-basis:50%\">\n<h2 class=\"wp-block-heading margin-bottom-none has-custom-superdark-color has-text-color has-arial-font-family has-custom-font has-custom-transform\" id=\"taksering-anleggsmidler\" style=\"font-size:25px;font-family:Arial;text-transform:uppercase\"><strong>Valuation of fixed assets<\/strong><\/h2>\n\n\n\n<div class=\"wp-block-group is-layout-flow wp-container-core-group-is-layout-bf2af46a wp-block-group-is-layout-flow\">\n<hr class=\"wp-block-separator has-css-opacity is-style-wide margin-top-none margin-bottom-none\"\/>\n\n\n\n<p class=\"margin-top-half has-arial-font-family has-custom-font wp-block-paragraph\" style=\"font-size:18px;font-family:Arial\">Bizraise AS offers valuation of fixed assets with \"arm's length\" where auditors, lawyers and accounting firms need external confirmation of values in connection with, among other things. corporate sales, and in merger and fission processes. Banks, shareholders and others can also greatly benefit from such a tariff. The appraisal job is divided into the following parts:<\/p>\n\n\n\n<ol class=\"wp-block-list\">\n<li class=\"has-albert-sans-font-family\" style=\"font-size:18px;font-style:normal;font-weight:400\"><em>1.\tReview of book value<\/em><br>We go through the company's fixed asset register and assess whether the fixed asset is in the correct depreciation class. We remove obsolete fixed assets and ensure that the list is correct.&nbsp;&nbsp;<br><\/li>\n\n\n\n<li class=\"has-albert-sans-font-family\" style=\"font-size:18px;font-style:normal;font-weight:400\"><em>2.\tVerification<\/em><br>We carry out a physical verification of the fixed asset and document this with pictures.<br><\/li>\n\n\n\n<li class=\"has-albert-sans-font-family\" style=\"font-size:18px;font-style:normal;font-weight:400\"><em>3.\tFinding real value in the market<\/em><br>Via contact with buyers, administrators, dealers, as well as active use of www.finn.no and online databases, we find the current market value.&nbsp;<a href=\"http:\/\/www.finn.no\/\" target=\"_blank\" rel=\"noopener\">www.finn.no<\/a>&nbsp;og databaser p\u00e5 nettet, finner vi dagens markedsverdi.<br><\/li>\n\n\n\n<li class=\"has-albert-sans-font-family\" style=\"font-size:18px;font-style:normal;font-weight:400\"><em>4.\tReport with documented deviations<\/em><br>We document discrepancies between book value and market value, which are presented in a clear report.&nbsp;<\/li>\n<\/ol>\n<\/div>\n<\/div>\n<\/div>\n<\/div>\n\n\n\n<div class=\"wp-block-group alignfull is-layout-flow wp-block-group-is-layout-flow\" style=\"padding-top:0px;padding-bottom:0px\">\n<div style=\"height:1px\" aria-hidden=\"true\" class=\"wp-block-spacer\"><\/div>\n\n\n\n<div class=\"wp-block-columns is-layout-flex wp-container-core-columns-is-layout-f56f613f wp-block-columns-is-layout-flex\">\n<div class=\"wp-block-column is-layout-flow wp-block-column-is-layout-flow\" style=\"flex-basis:50%\">\n<h2 class=\"wp-block-heading margin-bottom-none has-custom-superdark-color has-text-color has-arial-font-family has-custom-font has-custom-transform\" id=\"strategiarbeid\" style=\"font-size:25px;font-family:Arial;text-transform:uppercase\"><strong>Strategy work<\/strong><\/h2>\n\n\n\n<div class=\"wp-block-group is-layout-flow wp-container-core-group-is-layout-6df41e22 wp-block-group-is-layout-flow\">\n<hr class=\"wp-block-separator has-css-opacity is-style-wide margin-top-none margin-bottom-none\"\/>\n\n\n\n<p class=\"has-arial-font-family has-custom-font wp-block-paragraph\" style=\"font-size:18px;font-family:Arial\">Strategy work concerns what the company or organization wants, and how to get there. Key terms are \"vision\", \"mission\", \"values\", \"milestones\", and \"involvement\". We use well-known models and methods, such as SWOT, Porters5, PESTLE and Business Canvas, to find the best possible \"run\" for each individual company or organisation. We are very keen that the strategy work is anchored throughout the organisation. We can plan, implement and oversee complete strategy processes in small and large companies and organisations.&nbsp;<\/p>\n<\/div>\n<\/div>\n\n\n\n<div class=\"wp-block-column is-layout-flow wp-block-column-is-layout-flow\" style=\"flex-basis:50%\">\n<h2 class=\"wp-block-heading margin-bottom-none has-custom-superdark-color has-text-color has-arial-font-family has-custom-font has-custom-transform\" id=\"styrearbeid\" style=\"font-size:25px;font-family:Arial;text-transform:uppercase\"><strong>Board work<\/strong><\/h2>\n\n\n\n<div class=\"wp-block-group is-layout-flow wp-container-core-group-is-layout-bf2af46a wp-block-group-is-layout-flow\">\n<hr class=\"wp-block-separator has-css-opacity is-style-wide margin-top-none margin-bottom-none\"\/>\n\n\n\n<p class=\"has-arial-font-family has-custom-font wp-block-paragraph translation-block\" style=\"font-size:18px;font-family:Arial\">Board work is so much more than delivering information to the tax authorities. A board can be the company's most affordable consultancy. A large board has more expertise than a small board. A good and well-functioning board consists of people with complementary skills, diverse experience, and from both sexes. Bizraise assists with the recruitment of board members for companies and organizations, board composition, board evaluations, facilitating board meetings and general meetings, and we can take on the role of secretary and board resource.<\/p>\n<\/div>\n<\/div>\n<\/div>\n<\/div>\n<\/div>\n\n\n\n<div style=\"height:54px\" aria-hidden=\"true\" class=\"wp-block-spacer\"><\/div>\n\n\n\n<p class=\"has-text-align-center has-link-color has-arial-font-family has-custom-font wp-elements-9440611f48b26b69ec12e74ca49b5b40 wp-block-paragraph translation-block\" style=\"font-size:20px;font-family:Arial\">Interessted? contact us<\/p>","protected":false},"excerpt":{"rendered":"<p>Kj\u00f8p og salg av bedrifter De siste 10 \u00e5rene har vi v\u00e6rt involvert i mer enn 50 bedriftssalg. De fleste oppdrag har v\u00e6rt individuelle, men vi har ogs\u00e5 st\u00e5ende oppdrag fra grupperinger som \u00f8nsker \u00e5 kj\u00f8pe vekst, og som velger \u00e5 ikke st\u00e5 fram med fullt navn. Vi bist\u00e5r ofte i oppl\u00f8p til et salg, [&hellip;]<\/p>\n","protected":false},"author":192788114,"featured_media":0,"parent":0,"menu_order":0,"comment_status":"closed","ping_status":"closed","template":"","meta":{"_coblocks_attr":"Barlow Condensed,Cormorant Garamond,Arial","_coblocks_dimensions":"","_coblocks_responsive_height":"","_coblocks_accordion_ie_support":"","_crdt_document":"","ngg_post_thumbnail":0,"footnotes":""},"class_list":["post-491","page","type-page","status-publish","hentry"],"jetpack_likes_enabled":true,"jetpack_sharing_enabled":true,"jetpack_shortlink":"https:\/\/wp.me\/PdfaCh-7V","jetpack-related-posts":[{"id":1463,"url":"https:\/\/bizraise.no\/en\/kjop-og-salg-av-bedrifter-2\/","url_meta":{"origin":491,"position":0},"title":"Mergers and acquisitions","author":"Krogstad Kasper","date":"October 30, 2023","format":false,"excerpt":"KJ\u00d8P OG SALG AV BEDRIFTER Bedriftsmegling De siste 10 \u00e5rene har vi v\u00e6rt involvert i mer enn 50 bedriftssalg. De fleste oppdrag har v\u00e6rt individuelle, men vi har ogs\u00e5 st\u00e5ende oppdrag fra grupperinger som \u00f8nsker \u00e5 kj\u00f8pe vekst, og som velger \u00e5 ikke st\u00e5 fram med fullt navn. Vi bist\u00e5r\u2026","rel":"","context":"Similar post","block_context":{"text":"Similar post","link":""},"img":{"alt_text":"","src":"","width":0,"height":0},"classes":[]},{"id":5,"url":"https:\/\/bizraise.no\/en\/","url_meta":{"origin":491,"position":1},"title":"Home","author":"Krogstad Kasper","date":"July 20, 2021","format":false,"excerpt":"Bizraise AS - Din foretrukne partner innen forretningsutvikling, styrearbeid, strategi og bedriftsoverdragelse","rel":"","context":"Similar post","block_context":{"text":"Similar post","link":""},"img":{"alt_text":"","src":"https:\/\/i0.wp.com\/bizraise.no\/wp-content\/uploads\/2023\/11\/12.png?resize=350%2C200&ssl=1","width":350,"height":200,"srcset":"https:\/\/i0.wp.com\/bizraise.no\/wp-content\/uploads\/2023\/11\/12.png?resize=350%2C200&ssl=1 1x, https:\/\/i0.wp.com\/bizraise.no\/wp-content\/uploads\/2023\/11\/12.png?resize=525%2C300&ssl=1 1.5x, https:\/\/i0.wp.com\/bizraise.no\/wp-content\/uploads\/2023\/11\/12.png?resize=700%2C400&ssl=1 2x, https:\/\/i0.wp.com\/bizraise.no\/wp-content\/uploads\/2023\/11\/12.png?resize=1050%2C600&ssl=1 3x, https:\/\/i0.wp.com\/bizraise.no\/wp-content\/uploads\/2023\/11\/12.png?resize=1400%2C800&ssl=1 4x"},"classes":[]},{"id":1449,"url":"https:\/\/bizraise.no\/en\/forretningsutvikling-2\/","url_meta":{"origin":491,"position":2},"title":"Business development","author":"Krogstad Kasper","date":"October 30, 2023","format":false,"excerpt":"FORRETNINGSUTVIKLING La oss bist\u00e5 med ekspertkompetanse p\u00e5 utvikling V\u00e5r styrke fra arbeid i n\u00e6rmest alle bransjer de siste 30 \u00e5r, er \u00e5 finne og utvikle forretnings-messige- og organisasjonsmessige synergier. Hvordan vurdere fordeler og ulemper med forskjellig type samhandling internt i bedriften, og i samspill med samarbeidspartnere eller andre bedrifter og\u2026","rel":"","context":"Similar post","block_context":{"text":"Similar post","link":""},"img":{"alt_text":"","src":"","width":0,"height":0},"classes":[]},{"id":1489,"url":"https:\/\/bizraise.no\/en\/markedsarbeid-3\/","url_meta":{"origin":491,"position":3},"title":"Marketing","author":"Krogstad Kasper","date":"October 30, 2023","format":false,"excerpt":"MARKEDSARBEID Gj\u00f8r deg synlig blant konkurrentene Bizraise ser verdien med innholdsmarkedsf\u00f8ring og legger merke til at mange bedrifter sliter med \u00e5 produsere innhold p\u00e5 sosiale medier.\u00a0Ved \u00e5 v\u00e6re aktiv p\u00e5 sosiale medier vil nye kunder se bedriftens \u00f8nske om \u00e5 v\u00e6re tilgjengelig for kundene. Samtidig vil det bidra til s\u00f8kemotoroptimalisering,\u2026","rel":"","context":"Similar post","block_context":{"text":"Similar post","link":""},"img":{"alt_text":"","src":"","width":0,"height":0},"classes":[]},{"id":1423,"url":"https:\/\/bizraise.no\/en\/styrearbeid-2\/","url_meta":{"origin":491,"position":4},"title":"Board work","author":"Krogstad Kasper","date":"October 30, 2023","format":false,"excerpt":"STYREARBEID Vi setter sammen et velfungerende styre Styrearbeid er s\u00e5 mye mer enn \u00e5 levere opplysninger til\u00a0skatteetaten.\u00a0Et styre kan v\u00e6re selskapets rimeligste konsulenthjelp. Et stort styre har mer kompetanse enn et lite styre. Et godt og velfungerende styre best\u00e5r av personer med komplement\u00e6r kompetanse, spredt erfaring, og fra begge kj\u00f8nn.\u2026","rel":"","context":"Similar post","block_context":{"text":"Similar post","link":""},"img":{"alt_text":"","src":"","width":0,"height":0},"classes":[]},{"id":769,"url":"https:\/\/bizraise.no\/en\/personvernerklaering\/","url_meta":{"origin":491,"position":5},"title":"Privacy statement","author":"Krogstad Kasper","date":"July 19, 2022","format":false,"excerpt":"Personvernerkl\u00e6ring 1. Kontaktinformasjon til\u00a0Bizraise Bizraise er behandlingsansvarlig for h\u00e5ndtering av dine personopplysninger. Har du sp\u00f8rsm\u00e5l om behandlingen eller \u00f8nsker \u00e5 komme i kontakt med oss for \u00e5 ut\u00f8ve dine rettigheter, finner du kontaktinformasjonen v\u00e5r nedenfor: Bizraise ASToldbodbrygga 2,\u00a01606 FredrikstadOrganisasjonsnummer: 931925163\u00a0E-post adresse:\u00a0psk@bizraise.noMobil: 90135511 2. Sentrale begreper Personopplysninger er informasjon som alene\u2026","rel":"","context":"Similar post","block_context":{"text":"Similar post","link":""},"img":{"alt_text":"","src":"https:\/\/i0.wp.com\/bizraise.no\/wp-content\/uploads\/2023\/10\/Bizraise-uten-bakgrunn.png?resize=350%2C200&ssl=1","width":350,"height":200,"srcset":"https:\/\/i0.wp.com\/bizraise.no\/wp-content\/uploads\/2023\/10\/Bizraise-uten-bakgrunn.png?resize=350%2C200&ssl=1 1x, https:\/\/i0.wp.com\/bizraise.no\/wp-content\/uploads\/2023\/10\/Bizraise-uten-bakgrunn.png?resize=525%2C300&ssl=1 1.5x, https:\/\/i0.wp.com\/bizraise.no\/wp-content\/uploads\/2023\/10\/Bizraise-uten-bakgrunn.png?resize=700%2C400&ssl=1 2x, https:\/\/i0.wp.com\/bizraise.no\/wp-content\/uploads\/2023\/10\/Bizraise-uten-bakgrunn.png?resize=1050%2C600&ssl=1 3x, https:\/\/i0.wp.com\/bizraise.no\/wp-content\/uploads\/2023\/10\/Bizraise-uten-bakgrunn.png?resize=1400%2C800&ssl=1 4x"},"classes":[]}],"amp_enabled":true,"_links":{"self":[{"href":"https:\/\/bizraise.no\/en\/wp-json\/wp\/v2\/pages\/491","targetHints":{"allow":["GET"]}}],"collection":[{"href":"https:\/\/bizraise.no\/en\/wp-json\/wp\/v2\/pages"}],"about":[{"href":"https:\/\/bizraise.no\/en\/wp-json\/wp\/v2\/types\/page"}],"author":[{"embeddable":true,"href":"https:\/\/bizraise.no\/en\/wp-json\/wp\/v2\/users\/192788114"}],"replies":[{"embeddable":true,"href":"https:\/\/bizraise.no\/en\/wp-json\/wp\/v2\/comments?post=491"}],"version-history":[{"count":59,"href":"https:\/\/bizraise.no\/en\/wp-json\/wp\/v2\/pages\/491\/revisions"}],"predecessor-version":[{"id":3296,"href":"https:\/\/bizraise.no\/en\/wp-json\/wp\/v2\/pages\/491\/revisions\/3296"}],"wp:attachment":[{"href":"https:\/\/bizraise.no\/en\/wp-json\/wp\/v2\/media?parent=491"}],"curies":[{"name":"wp","href":"https:\/\/api.w.org\/{rel}","templated":true}]}}