{"id":1489,"date":"2023-10-30T10:17:15","date_gmt":"2023-10-30T09:17:15","guid":{"rendered":"https:\/\/bizraise.no\/?page_id=1489"},"modified":"2025-12-12T18:37:54","modified_gmt":"2025-12-12T17:37:54","slug":"markedsarbeid-3","status":"publish","type":"page","link":"https:\/\/bizraise.no\/en\/markedsarbeid-3\/","title":{"rendered":"Marketing"},"content":{"rendered":"<div class=\"wp-block-group alignfull is-layout-constrained wp-container-core-group-is-layout-413bdba0 wp-block-group-is-layout-constrained\" style=\"padding-top:var(--wp--preset--spacing--70);padding-right:var(--wp--preset--spacing--50);padding-bottom:var(--wp--preset--spacing--70);padding-left:var(--wp--preset--spacing--50)\">\n<h1 class=\"wp-block-heading has-text-align-center has-arial-font-family has-custom-font\" style=\"font-family:Arial;font-size:40px\">MARKEDSARBEID<\/h1>\n\n\n\n<hr class=\"wp-block-separator has-alpha-channel-opacity\"\/>\n\n\n\n<div style=\"height:20px\" aria-hidden=\"true\" class=\"wp-block-spacer\"><\/div>\n\n\n\n<h2 class=\"wp-block-heading has-text-align-center has-arial-font-family has-custom-font\" style=\"text-transform:uppercase;font-family:Arial;font-size:30px\"><span class=\"uppercase\">Gj\u00f8r deg synlig blant konkurrentene<\/span><\/h2>\n\n\n\n<p class=\"has-cormorant-garamond-font-family has-arial-font-family has-custom-font has-custom-lineheight wp-block-paragraph\" style=\"font-family:Arial;line-height:1.5;font-size:20px\">Bizraise ser verdien med innholdsmarkedsf\u00f8ring og legger merke til at mange bedrifter sliter med \u00e5 produsere innhold p\u00e5 sosiale medier.&nbsp;Ved \u00e5 v\u00e6re aktiv p\u00e5 sosiale medier vil nye kunder se bedriftens \u00f8nske om \u00e5 v\u00e6re tilgjengelig for kundene. Samtidig vil det bidra til s\u00f8kemotoroptimalisering, noe vi ogs\u00e5 jobber mye med. Bizraise er tilgengelig som produsent av innhold, b\u00e5de organisk, og betalte annonser. I tillegg kan vi bist\u00e5 med e-postmarkedsf\u00f8ring. Vi bruker&nbsp;<a href=\"https:\/\/markedskonsult.no\" target=\"_blank\" rel=\"noreferrer noopener\">Markedskonsult<\/a>&nbsp;i v\u00e5re tjenester innen markedsf\u00f8ring. <\/p>\n\n\n\n<p class=\"has-cormorant-garamond-font-family has-arial-font-family has-custom-font has-custom-lineheight wp-block-paragraph\" style=\"font-family:Arial;line-height:1.5;font-size:20px\">For \u00e5 ytterligere eksponere bedriften for et spesifikt publikum kan vi bist\u00e5 med m\u00e5lrettet annonsering. Dette gj\u00f8r vi gjennom plattformene META (Facebook og Instagram), Google Ads, eller gjennom LinkedIn. For \u00e5 registrere kundereisen p\u00e5 en oversiktlig m\u00e5te, bruker vi landingssider. Annonsene vil f\u00f8re kundene til en skreddersydd landingsside, og deretter vil kundene bli n\u00f8dt til \u00e5 oppgi kontaktinformasjon for \u00e5 komme videre. Hele prosessen blir analysert gjennom Google analytics.<\/p>\n\n\n\n<p class=\"wp-block-paragraph\"><\/p>\n\n\n\n<p class=\"wp-block-paragraph\"><\/p>\n\n\n\n<p class=\"wp-block-paragraph\"><\/p>\n<\/div>","protected":false},"excerpt":{"rendered":"<p>MARKEDSARBEID Gj\u00f8r deg synlig blant konkurrentene Bizraise ser verdien med innholdsmarkedsf\u00f8ring og legger merke til at mange bedrifter sliter med \u00e5 produsere innhold p\u00e5 sosiale medier.&nbsp;Ved \u00e5 v\u00e6re aktiv p\u00e5 sosiale medier vil nye kunder se bedriftens \u00f8nske om \u00e5 v\u00e6re tilgjengelig for kundene. Samtidig vil det bidra til s\u00f8kemotoroptimalisering, noe vi ogs\u00e5 jobber mye [&hellip;]<\/p>\n","protected":false},"author":192788114,"featured_media":0,"parent":0,"menu_order":0,"comment_status":"closed","ping_status":"closed","template":"","meta":{"_coblocks_attr":"Cormorant Garamond,Lato,Cormorant Garamond,Arial","_coblocks_dimensions":"","_coblocks_responsive_height":"","_coblocks_accordion_ie_support":"","_crdt_document":"","ngg_post_thumbnail":0,"footnotes":""},"class_list":["post-1489","page","type-page","status-publish","hentry"],"jetpack_likes_enabled":true,"jetpack_sharing_enabled":true,"jetpack_shortlink":"https:\/\/wp.me\/PdfaCh-o1","jetpack-related-posts":[{"id":5,"url":"https:\/\/bizraise.no\/en\/","url_meta":{"origin":1489,"position":0},"title":"Home","author":"Krogstad Kasper","date":"July 20, 2021","format":false,"excerpt":"Bizraise AS - Din foretrukne partner innen forretningsutvikling, styrearbeid, strategi og bedriftsoverdragelse","rel":"","context":"Similar post","block_context":{"text":"Similar post","link":""},"img":{"alt_text":"","src":"https:\/\/i0.wp.com\/bizraise.no\/wp-content\/uploads\/2023\/11\/12.png?resize=350%2C200&ssl=1","width":350,"height":200,"srcset":"https:\/\/i0.wp.com\/bizraise.no\/wp-content\/uploads\/2023\/11\/12.png?resize=350%2C200&ssl=1 1x, https:\/\/i0.wp.com\/bizraise.no\/wp-content\/uploads\/2023\/11\/12.png?resize=525%2C300&ssl=1 1.5x, https:\/\/i0.wp.com\/bizraise.no\/wp-content\/uploads\/2023\/11\/12.png?resize=700%2C400&ssl=1 2x, https:\/\/i0.wp.com\/bizraise.no\/wp-content\/uploads\/2023\/11\/12.png?resize=1050%2C600&ssl=1 3x, https:\/\/i0.wp.com\/bizraise.no\/wp-content\/uploads\/2023\/11\/12.png?resize=1400%2C800&ssl=1 4x"},"classes":[]},{"id":491,"url":"https:\/\/bizraise.no\/en\/tjenester\/","url_meta":{"origin":1489,"position":1},"title":"Services","author":"Krogstad Kasper","date":"June 14, 2022","format":false,"excerpt":"Kj\u00f8p og salg av bedrifter De siste 10 \u00e5rene har vi v\u00e6rt involvert i mer enn 50 bedriftssalg. De fleste oppdrag har v\u00e6rt individuelle, men vi har ogs\u00e5 st\u00e5ende oppdrag fra grupperinger som \u00f8nsker \u00e5 kj\u00f8pe vekst, og som velger \u00e5 ikke st\u00e5 fram med fullt navn. Vi bist\u00e5r ofte\u2026","rel":"","context":"Similar post","block_context":{"text":"Similar post","link":""},"img":{"alt_text":"","src":"","width":0,"height":0},"classes":[]}],"amp_enabled":true,"_links":{"self":[{"href":"https:\/\/bizraise.no\/en\/wp-json\/wp\/v2\/pages\/1489","targetHints":{"allow":["GET"]}}],"collection":[{"href":"https:\/\/bizraise.no\/en\/wp-json\/wp\/v2\/pages"}],"about":[{"href":"https:\/\/bizraise.no\/en\/wp-json\/wp\/v2\/types\/page"}],"author":[{"embeddable":true,"href":"https:\/\/bizraise.no\/en\/wp-json\/wp\/v2\/users\/192788114"}],"replies":[{"embeddable":true,"href":"https:\/\/bizraise.no\/en\/wp-json\/wp\/v2\/comments?post=1489"}],"version-history":[{"count":10,"href":"https:\/\/bizraise.no\/en\/wp-json\/wp\/v2\/pages\/1489\/revisions"}],"predecessor-version":[{"id":3299,"href":"https:\/\/bizraise.no\/en\/wp-json\/wp\/v2\/pages\/1489\/revisions\/3299"}],"wp:attachment":[{"href":"https:\/\/bizraise.no\/en\/wp-json\/wp\/v2\/media?parent=1489"}],"curies":[{"name":"wp","href":"https:\/\/api.w.org\/{rel}","templated":true}]}}