{"id":1449,"date":"2023-10-30T10:21:55","date_gmt":"2023-10-30T09:21:55","guid":{"rendered":"https:\/\/bizraise.no\/?page_id=1449"},"modified":"2025-12-12T18:39:08","modified_gmt":"2025-12-12T17:39:08","slug":"forretningsutvikling-2","status":"publish","type":"page","link":"https:\/\/bizraise.no\/en\/forretningsutvikling-2\/","title":{"rendered":"Business development"},"content":{"rendered":"<div class=\"wp-block-group alignfull has-system-font-font-family is-layout-constrained wp-container-core-group-is-layout-413bdba0 wp-block-group-is-layout-constrained\" style=\"padding-top:var(--wp--preset--spacing--70);padding-right:var(--wp--preset--spacing--50);padding-bottom:var(--wp--preset--spacing--70);padding-left:var(--wp--preset--spacing--50)\">\n<h1 class=\"wp-block-heading has-text-align-center has-arial-font-family has-custom-font has-custom-letterspacing\" style=\"font-family:Arial;letter-spacing:1px;font-size:40px\">FORRETNINGSUTVIKLING<\/h1>\n\n\n\n<hr class=\"wp-block-coblocks-dynamic-separator is-style-line\" style=\"height:23px\"\/>\n\n\n\n<div style=\"height:20px\" aria-hidden=\"true\" class=\"wp-block-spacer\"><\/div>\n\n\n\n<h2 class=\"wp-block-heading has-text-align-center has-arial-font-family has-custom-font has-custom-letterspacing\" style=\"font-family:Arial;letter-spacing:1px;font-size:30px\"><span class=\"uppercase\">La oss bist\u00e5 med ekspertkompetanse p\u00e5 utvikling<\/span><\/h2>\n\n\n\n<p class=\"has-cormorant-garamond-font-family has-arial-font-family has-custom-font has-custom-lineheight wp-block-paragraph\" style=\"font-family:Arial;line-height:1.5;font-size:20px\">V\u00e5r styrke fra arbeid i n\u00e6rmest alle bransjer de siste 30 \u00e5r, er \u00e5 finne og utvikle forretnings-messige- og organisasjonsmessige synergier. Hvordan vurdere fordeler og ulemper med forskjellig type samhandling internt i bedriften, og i samspill med samarbeidspartnere eller andre bedrifter og organisasjoner. Sv\u00e6rt mange av v\u00e5re engasjement dreier seg om forretningsutvikling innenfor ett eller flere av disse punktene:<\/p>\n\n\n\n<ul class=\"wp-block-list\">\n<li class=\"has-epilogue-font-family\" style=\"font-size:20px;letter-spacing:1.5px;line-height:1.5\">develop new services and solutions<\/li>\n\n\n\n<li class=\"has-epilogue-font-family\" style=\"font-size:20px;letter-spacing:1.5px;line-height:1.5\">write and design business plans<\/li>\n\n\n\n<li class=\"has-epilogue-font-family\" style=\"font-size:20px;letter-spacing:1.5px;line-height:1.5\">design concrete business models<\/li>\n\n\n\n<li class=\"has-epilogue-font-family\" style=\"font-size:20px;letter-spacing:1.5px;line-height:1.5\">analysis of the market, customers and competitors<\/li>\n\n\n\n<li class=\"has-epilogue-font-family\" style=\"font-size:20px;letter-spacing:1.5px;line-height:1.5\">establish new enterprises and business units<\/li>\n\n\n\n<li class=\"has-epilogue-font-family\" style=\"font-size:20px;letter-spacing:1.5px;line-height:1.5\">establish and further develop offers based on market needs<\/li>\n\n\n\n<li class=\"has-epilogue-font-family\" style=\"font-size:20px;letter-spacing:1.5px;line-height:1.5\">assess market opportunities and monitor trends and developments in the market<\/li>\n\n\n\n<li class=\"has-epilogue-font-family\" style=\"font-size:20px;letter-spacing:1.5px;line-height:1.5\">strengthen, upgrade and improve already established products (goods and services)<\/li>\n<\/ul>\n\n\n\n<div style=\"height:40px\" aria-hidden=\"true\" class=\"wp-block-spacer\"><\/div>\n\n\n\n<div class=\"wp-block-columns alignwide are-vertically-aligned-top is-layout-flex wp-container-core-columns-is-layout-bcd1c37c wp-block-columns-is-layout-flex\">\n<div class=\"wp-block-column is-vertically-aligned-top is-layout-flow wp-container-core-column-is-layout-c593dbc8 wp-block-column-is-layout-flow\" style=\"flex-basis:100%\">\n<p style=\"font-size:18px;line-height:2;letter-spacing:2px\" class=\"has-custom-lineheight has-custom-letterspacing wp-block-paragraph\"><\/p>\n\n\n\n\t\t<figure class=\"wp-block-jetpack-videopress jetpack-videopress-player aligncenter wp-block-jetpack-videopress--has-max-width\" style=\"max-width: 413px;\" >\n\t\t\t<div class=\"jetpack-videopress-player__wrapper\"> <iframe title=\"VideoPress Video Player\" aria-label='VideoPress Video Player' width='421' height='750' src='https:\/\/videopress.com\/embed\/jPziA9lV?cover=1&amp;autoPlay=0&amp;controls=1&amp;loop=0&amp;muted=0&amp;persistVolume=1&amp;playsinline=0&amp;preloadContent=metadata&amp;useAverageColor=1&amp;hd=0' frameborder='0' allowfullscreen data-resize-to-parent=\"true\" allow='clipboard-write'><\/iframe><script src='https:\/\/v0.wordpress.com\/js\/next\/videopress-iframe.js?m=1674852142'><\/script><\/div>\n\t\t\t\n\t\t\t\n\t\t<\/figure>\n\t\t\n\n\n<p class=\"wp-block-paragraph\"><\/p>\n<\/div>\n<\/div>\n<\/div>","protected":false},"excerpt":{"rendered":"<p>FORRETNINGSUTVIKLING La oss bist\u00e5 med ekspertkompetanse p\u00e5 utvikling V\u00e5r styrke fra arbeid i n\u00e6rmest alle bransjer de siste 30 \u00e5r, er \u00e5 finne og utvikle forretnings-messige- og organisasjonsmessige synergier. Hvordan vurdere fordeler og ulemper med forskjellig type samhandling internt i bedriften, og i samspill med samarbeidspartnere eller andre bedrifter og organisasjoner. Sv\u00e6rt mange av v\u00e5re [&hellip;]<\/p>\n","protected":false},"author":192788114,"featured_media":0,"parent":0,"menu_order":0,"comment_status":"closed","ping_status":"closed","template":"","meta":{"_coblocks_attr":"Lato,Lato,Cormorant Garamond,Arial","_coblocks_dimensions":"","_coblocks_responsive_height":"","_coblocks_accordion_ie_support":"","_crdt_document":"","ngg_post_thumbnail":0,"footnotes":""},"class_list":["post-1449","page","type-page","status-publish","hentry"],"jetpack_likes_enabled":true,"jetpack_sharing_enabled":true,"jetpack_shortlink":"https:\/\/wp.me\/PdfaCh-nn","jetpack-related-posts":[{"id":5,"url":"https:\/\/bizraise.no\/en\/","url_meta":{"origin":1449,"position":0},"title":"Home","author":"Krogstad Kasper","date":"July 20, 2021","format":false,"excerpt":"Bizraise AS - Din foretrukne partner innen forretningsutvikling, styrearbeid, strategi og bedriftsoverdragelse","rel":"","context":"Similar post","block_context":{"text":"Similar post","link":""},"img":{"alt_text":"","src":"https:\/\/i0.wp.com\/bizraise.no\/wp-content\/uploads\/2023\/11\/12.png?resize=350%2C200&ssl=1","width":350,"height":200,"srcset":"https:\/\/i0.wp.com\/bizraise.no\/wp-content\/uploads\/2023\/11\/12.png?resize=350%2C200&ssl=1 1x, https:\/\/i0.wp.com\/bizraise.no\/wp-content\/uploads\/2023\/11\/12.png?resize=525%2C300&ssl=1 1.5x, https:\/\/i0.wp.com\/bizraise.no\/wp-content\/uploads\/2023\/11\/12.png?resize=700%2C400&ssl=1 2x, https:\/\/i0.wp.com\/bizraise.no\/wp-content\/uploads\/2023\/11\/12.png?resize=1050%2C600&ssl=1 3x, https:\/\/i0.wp.com\/bizraise.no\/wp-content\/uploads\/2023\/11\/12.png?resize=1400%2C800&ssl=1 4x"},"classes":[]},{"id":491,"url":"https:\/\/bizraise.no\/en\/tjenester\/","url_meta":{"origin":1449,"position":1},"title":"Services","author":"Krogstad Kasper","date":"June 14, 2022","format":false,"excerpt":"Kj\u00f8p og salg av bedrifter De siste 10 \u00e5rene har vi v\u00e6rt involvert i mer enn 50 bedriftssalg. De fleste oppdrag har v\u00e6rt individuelle, men vi har ogs\u00e5 st\u00e5ende oppdrag fra grupperinger som \u00f8nsker \u00e5 kj\u00f8pe vekst, og som velger \u00e5 ikke st\u00e5 fram med fullt navn. Vi bist\u00e5r ofte\u2026","rel":"","context":"Similar post","block_context":{"text":"Similar post","link":""},"img":{"alt_text":"","src":"","width":0,"height":0},"classes":[]}],"amp_enabled":true,"_links":{"self":[{"href":"https:\/\/bizraise.no\/en\/wp-json\/wp\/v2\/pages\/1449","targetHints":{"allow":["GET"]}}],"collection":[{"href":"https:\/\/bizraise.no\/en\/wp-json\/wp\/v2\/pages"}],"about":[{"href":"https:\/\/bizraise.no\/en\/wp-json\/wp\/v2\/types\/page"}],"author":[{"embeddable":true,"href":"https:\/\/bizraise.no\/en\/wp-json\/wp\/v2\/users\/192788114"}],"replies":[{"embeddable":true,"href":"https:\/\/bizraise.no\/en\/wp-json\/wp\/v2\/comments?post=1449"}],"version-history":[{"count":19,"href":"https:\/\/bizraise.no\/en\/wp-json\/wp\/v2\/pages\/1449\/revisions"}],"predecessor-version":[{"id":3300,"href":"https:\/\/bizraise.no\/en\/wp-json\/wp\/v2\/pages\/1449\/revisions\/3300"}],"wp:attachment":[{"href":"https:\/\/bizraise.no\/en\/wp-json\/wp\/v2\/media?parent=1449"}],"curies":[{"name":"wp","href":"https:\/\/api.w.org\/{rel}","templated":true}]}}