{"id":1423,"date":"2023-10-30T10:22:33","date_gmt":"2023-10-30T09:22:33","guid":{"rendered":"https:\/\/bizraise.no\/?page_id=1423"},"modified":"2025-12-12T18:42:25","modified_gmt":"2025-12-12T17:42:25","slug":"styrearbeid-2","status":"publish","type":"page","link":"https:\/\/bizraise.no\/en\/styrearbeid-2\/","title":{"rendered":"Board work"},"content":{"rendered":"<div class=\"wp-block-group alignfull is-layout-constrained wp-container-core-group-is-layout-413bdba0 wp-block-group-is-layout-constrained\" style=\"padding-top:var(--wp--preset--spacing--70);padding-right:var(--wp--preset--spacing--50);padding-bottom:var(--wp--preset--spacing--70);padding-left:var(--wp--preset--spacing--50)\">\n<h1 class=\"wp-block-heading has-text-align-center has-arial-font-family has-custom-font has-custom-letterspacing\" style=\"font-family:Arial;letter-spacing:1px;font-size:40px\">STYREARBEID<\/h1>\n\n\n\n<hr class=\"wp-block-coblocks-dynamic-separator is-style-line\" style=\"height:23px\"\/>\n\n\n\n<div style=\"height:20px\" aria-hidden=\"true\" class=\"wp-block-spacer\"><\/div>\n\n\n\n<h2 class=\"wp-block-heading has-text-align-center has-arial-font-family has-custom-font has-custom-letterspacing\" style=\"font-family:Arial;letter-spacing:1px;font-size:30px\"><span class=\"uppercase\">Vi setter sammen et velfungerende styre<\/span><\/h2>\n\n\n\n<p class=\"has-cormorant-garamond-font-family has-arial-font-family has-custom-font has-custom-lineheight wp-block-paragraph\" style=\"font-family:Arial;line-height:1.5;font-size:20px\">Styrearbeid er s\u00e5 mye mer enn \u00e5 levere opplysninger til&nbsp;<a href=\"http:\/\/www.skatteetaten.no\/\" target=\"_blank\" rel=\"noreferrer noopener\">skatteetaten.<\/a>&nbsp;Et styre kan v\u00e6re selskapets rimeligste konsulenthjelp. Et stort styre har mer kompetanse enn et lite styre. Et godt og velfungerende styre best\u00e5r av personer med komplement\u00e6r kompetanse, spredt erfaring, og fra begge kj\u00f8nn. Bizraise bist\u00e5r med rekruttering av styremedlemmer til bedrifter og organisasjoner, styresammensetning, styreevalueringer, fasilitere styrem\u00f8ter og generalforsamlinger, og vi kan p\u00e5ta oss rollen som sekret\u00e6r og styre-ressurs.<\/p>\n\n\n\n<div style=\"height:40px\" aria-hidden=\"true\" class=\"wp-block-spacer\"><\/div>\n\n\n\n<div class=\"wp-block-columns alignwide are-vertically-aligned-top is-layout-flex wp-container-core-columns-is-layout-bcd1c37c wp-block-columns-is-layout-flex\">\n<div class=\"wp-block-column is-vertically-aligned-top is-layout-flow wp-container-core-column-is-layout-c593dbc8 wp-block-column-is-layout-flow\" style=\"flex-basis:100%\">\n<p style=\"font-size:18px;line-height:2;letter-spacing:2px\" class=\"has-custom-lineheight has-custom-letterspacing wp-block-paragraph\"><\/p>\n\n\n\n\t\t<figure class=\"wp-block-jetpack-videopress jetpack-videopress-player aligncenter wp-block-jetpack-videopress--has-max-width\" style=\"max-width: 413px;\" >\n\t\t\t<div class=\"jetpack-videopress-player__wrapper\"> <iframe title=\"VideoPress Video Player\" aria-label='VideoPress Video Player' width='421' height='750' src='https:\/\/videopress.com\/embed\/dS4KuO0U?cover=1&amp;autoPlay=0&amp;controls=1&amp;loop=0&amp;muted=0&amp;persistVolume=1&amp;playsinline=0&amp;preloadContent=metadata&amp;useAverageColor=1&amp;hd=0' frameborder='0' allowfullscreen data-resize-to-parent=\"true\" allow='clipboard-write'><\/iframe><script src='https:\/\/v0.wordpress.com\/js\/next\/videopress-iframe.js?m=1674852142'><\/script><\/div>\n\t\t\t\n\t\t\t\n\t\t<\/figure>\n\t\t\n\n\n<p class=\"wp-block-paragraph\"><\/p>\n<\/div>\n<\/div>\n<\/div>","protected":false},"excerpt":{"rendered":"<p>STYREARBEID Vi setter sammen et velfungerende styre Styrearbeid er s\u00e5 mye mer enn \u00e5 levere opplysninger til&nbsp;skatteetaten.&nbsp;Et styre kan v\u00e6re selskapets rimeligste konsulenthjelp. Et stort styre har mer kompetanse enn et lite styre. Et godt og velfungerende styre best\u00e5r av personer med komplement\u00e6r kompetanse, spredt erfaring, og fra begge kj\u00f8nn. Bizraise bist\u00e5r med rekruttering av [&hellip;]<\/p>\n","protected":false},"author":192788114,"featured_media":0,"parent":0,"menu_order":0,"comment_status":"closed","ping_status":"closed","template":"","meta":{"_coblocks_attr":"Arial,Helvetica,Georgia,Times New Roman,Anton,Arvo,Asap Condensed,Barlow,Faustina,Fira Sans,IBM Plex Sans,Inconsolata,Heebo,Karla,Lora,Merriweather,Lato,Cormorant Garamond,Arial","_coblocks_dimensions":"","_coblocks_responsive_height":"","_coblocks_accordion_ie_support":"","_crdt_document":"","ngg_post_thumbnail":0,"footnotes":""},"class_list":["post-1423","page","type-page","status-publish","hentry"],"jetpack_likes_enabled":true,"jetpack_sharing_enabled":true,"jetpack_shortlink":"https:\/\/wp.me\/PdfaCh-mX","jetpack-related-posts":[{"id":5,"url":"https:\/\/bizraise.no\/en\/","url_meta":{"origin":1423,"position":0},"title":"Home","author":"Krogstad Kasper","date":"July 20, 2021","format":false,"excerpt":"Bizraise AS - Din foretrukne partner innen forretningsutvikling, styrearbeid, strategi og bedriftsoverdragelse","rel":"","context":"Similar post","block_context":{"text":"Similar post","link":""},"img":{"alt_text":"","src":"https:\/\/i0.wp.com\/bizraise.no\/wp-content\/uploads\/2023\/11\/12.png?resize=350%2C200&ssl=1","width":350,"height":200,"srcset":"https:\/\/i0.wp.com\/bizraise.no\/wp-content\/uploads\/2023\/11\/12.png?resize=350%2C200&ssl=1 1x, https:\/\/i0.wp.com\/bizraise.no\/wp-content\/uploads\/2023\/11\/12.png?resize=525%2C300&ssl=1 1.5x, https:\/\/i0.wp.com\/bizraise.no\/wp-content\/uploads\/2023\/11\/12.png?resize=700%2C400&ssl=1 2x, https:\/\/i0.wp.com\/bizraise.no\/wp-content\/uploads\/2023\/11\/12.png?resize=1050%2C600&ssl=1 3x, https:\/\/i0.wp.com\/bizraise.no\/wp-content\/uploads\/2023\/11\/12.png?resize=1400%2C800&ssl=1 4x"},"classes":[]},{"id":491,"url":"https:\/\/bizraise.no\/en\/tjenester\/","url_meta":{"origin":1423,"position":1},"title":"Services","author":"Krogstad Kasper","date":"June 14, 2022","format":false,"excerpt":"Kj\u00f8p og salg av bedrifter De siste 10 \u00e5rene har vi v\u00e6rt involvert i mer enn 50 bedriftssalg. De fleste oppdrag har v\u00e6rt individuelle, men vi har ogs\u00e5 st\u00e5ende oppdrag fra grupperinger som \u00f8nsker \u00e5 kj\u00f8pe vekst, og som velger \u00e5 ikke st\u00e5 fram med fullt navn. Vi bist\u00e5r ofte\u2026","rel":"","context":"Similar post","block_context":{"text":"Similar post","link":""},"img":{"alt_text":"","src":"","width":0,"height":0},"classes":[]}],"amp_enabled":true,"_links":{"self":[{"href":"https:\/\/bizraise.no\/en\/wp-json\/wp\/v2\/pages\/1423","targetHints":{"allow":["GET"]}}],"collection":[{"href":"https:\/\/bizraise.no\/en\/wp-json\/wp\/v2\/pages"}],"about":[{"href":"https:\/\/bizraise.no\/en\/wp-json\/wp\/v2\/types\/page"}],"author":[{"embeddable":true,"href":"https:\/\/bizraise.no\/en\/wp-json\/wp\/v2\/users\/192788114"}],"replies":[{"embeddable":true,"href":"https:\/\/bizraise.no\/en\/wp-json\/wp\/v2\/comments?post=1423"}],"version-history":[{"count":31,"href":"https:\/\/bizraise.no\/en\/wp-json\/wp\/v2\/pages\/1423\/revisions"}],"predecessor-version":[{"id":3305,"href":"https:\/\/bizraise.no\/en\/wp-json\/wp\/v2\/pages\/1423\/revisions\/3305"}],"wp:attachment":[{"href":"https:\/\/bizraise.no\/en\/wp-json\/wp\/v2\/media?parent=1423"}],"curies":[{"name":"wp","href":"https:\/\/api.w.org\/{rel}","templated":true}]}}