{"id":1414,"date":"2023-10-30T10:23:06","date_gmt":"2023-10-30T09:23:06","guid":{"rendered":"https:\/\/bizraise.no\/?page_id=1414"},"modified":"2025-12-12T18:40:11","modified_gmt":"2025-12-12T17:40:11","slug":"taksering-av-anleggsmidler","status":"publish","type":"page","link":"https:\/\/bizraise.no\/en\/taksering-av-anleggsmidler\/","title":{"rendered":"Valuation of fixed assets"},"content":{"rendered":"<div class=\"wp-block-group alignfull is-layout-constrained wp-container-core-group-is-layout-413bdba0 wp-block-group-is-layout-constrained\" style=\"padding-top:var(--wp--preset--spacing--70);padding-right:var(--wp--preset--spacing--50);padding-bottom:var(--wp--preset--spacing--70);padding-left:var(--wp--preset--spacing--50)\">\n<h1 class=\"wp-block-heading has-text-align-center has-arial-font-family has-custom-font\" style=\"font-family:Arial;font-size:40px\">TAKSERING AV ANLEGGSMIDLER<\/h1>\n\n\n\n<hr class=\"wp-block-separator has-alpha-channel-opacity\"\/>\n\n\n\n<div style=\"height:20px\" aria-hidden=\"true\" class=\"wp-block-spacer\"><\/div>\n\n\n\n<h2 class=\"wp-block-heading has-text-align-center has-arial-font-family has-custom-font\" style=\"font-family:Arial;font-size:30px\"><span class=\"uppercase\">Prosessen med taksering<\/span><\/h2>\n\n\n\n<p class=\"has-cormorant-garamond-font-family has-arial-font-family has-custom-font has-custom-lineheight wp-block-paragraph\" style=\"font-family:Arial;line-height:1.5;font-size:20px\">Bizraise AS tilbyr taksering av anleggsmidler med \u00abarmlengdes avstand\u00bb der revisorer, advokater og regnskapsbyr\u00e5er trenger ekstern bekreftelse p\u00e5 verdier i forbindelse med bla. bedriftssalg, og i fusjons- og fisjons-prosesser. Banker, aksjon\u00e6rer og andre kan ogs\u00e5 ha stor nytte av en slik takst.<\/p>\n\n\n\n<div style=\"height:30px\" aria-hidden=\"true\" class=\"wp-block-spacer\"><\/div>\n\n\n\n<div class=\"wp-block-columns alignwide are-vertically-aligned-top is-layout-flex wp-container-core-columns-is-layout-bcd1c37c wp-block-columns-is-layout-flex\">\n<div class=\"wp-block-column is-vertically-aligned-top is-layout-flow wp-container-core-column-is-layout-c593dbc8 wp-block-column-is-layout-flow\" style=\"flex-basis:50%\">\n<h3 class=\"wp-block-heading has-text-align-left has-arial-font-family has-custom-font has-custom-lineheight\" style=\"font-family:Arial;line-height:2\">Takseringsjobben er delt inn i f\u00f8lgende deler:<\/h3>\n\n\n\n<div style=\"height:34px\" aria-hidden=\"true\" class=\"wp-block-spacer\"><\/div>\n\n\n\n<ol class=\"wp-block-list\">\n<li class=\"has-epilogue-font-family\" style=\"font-size:20px\"><em><strong>1.\tReview of book value<\/strong><\/em><br>We go through the company's fixed asset register and assess whether the fixed asset is in the correct depreciation class. We remove obsolete fixed assets and ensure that the list is correct.&nbsp;&nbsp;<\/li>\n\n\n\n<li class=\"has-epilogue-font-family\" style=\"font-size:20px\"><em><strong>2.\tVerification<\/strong><\/em><br>We carry out a physical verification of the fixed asset and document this with pictures.<\/li>\n\n\n\n<li class=\"has-epilogue-font-family\" style=\"font-size:20px\"><em><strong>3.\tFinding real value in the market<\/strong><\/em><br>Via contact with buyers, administrators, dealers, as well as active use of www.finn.no and online databases, we find the current market value.&nbsp;<a href=\"http:\/\/www.finn.no\/\" target=\"_blank\" rel=\"noreferrer noopener\">www.finn.no<\/a>&nbsp;og databaser p\u00e5 nettet, finner vi dagens markedsverdi.<\/li>\n\n\n\n<li class=\"has-epilogue-font-family\" style=\"font-size:20px\"><em><strong>4.\tReport with documented deviations<\/strong><\/em><br>We document discrepancies between book value and market value, which are presented in a clear report.&nbsp;<\/li>\n<\/ol>\n\n\n\n<p class=\"wp-block-paragraph\"><\/p>\n<\/div>\n\n\n\n<div class=\"wp-block-column is-vertically-aligned-top is-layout-flow wp-block-column-is-layout-flow\" style=\"flex-basis:50%\">\n<div style=\"height:168px\" aria-hidden=\"true\" class=\"wp-block-spacer\"><\/div>\n\n\n\n<figure class=\"wp-block-video wp-block-embed is-type-video is-provider-videopress\"><div class=\"wp-block-embed__wrapper\" style=\"max-width:366px;margin:auto\">\n<iframe title=\"VideoPress Video Player\" aria-label='VideoPress Video Player' width='421' height='750' src='https:\/\/videopress.com\/embed\/xK9kpPmx?cover=1&amp;posterUrl=https%3A%2F%2Fbizraise.no%2Fwp-content%2Fuploads%2F2023%2F11%2Fimg_7366_mov_std.original.jpg&amp;preloadContent=metadata&amp;useAverageColor=1&amp;hd=0' frameborder='0' allowfullscreen data-resize-to-parent=\"true\" allow='clipboard-write'><\/iframe><script src='https:\/\/v0.wordpress.com\/js\/next\/videopress-iframe.js?m=1674852142'><\/script>\n<\/div><\/figure>\n<\/div>\n<\/div>\n<\/div>","protected":false},"excerpt":{"rendered":"<p>TAKSERING AV ANLEGGSMIDLER Prosessen med taksering Bizraise AS tilbyr taksering av anleggsmidler med \u00abarmlengdes avstand\u00bb der revisorer, advokater og regnskapsbyr\u00e5er trenger ekstern bekreftelse p\u00e5 verdier i forbindelse med bla. bedriftssalg, og i fusjons- og fisjons-prosesser. Banker, aksjon\u00e6rer og andre kan ogs\u00e5 ha stor nytte av en slik takst. Takseringsjobben er delt inn i f\u00f8lgende deler:<\/p>","protected":false},"author":192788114,"featured_media":0,"parent":0,"menu_order":0,"comment_status":"closed","ping_status":"closed","template":"","meta":{"_coblocks_attr":"Cormorant Garamond,Lato,Cormorant Garamond,Arial","_coblocks_dimensions":"","_coblocks_responsive_height":"","_coblocks_accordion_ie_support":"","_crdt_document":"","ngg_post_thumbnail":0,"footnotes":""},"class_list":["post-1414","page","type-page","status-publish","hentry"],"jetpack_likes_enabled":true,"jetpack_sharing_enabled":true,"jetpack_shortlink":"https:\/\/wp.me\/PdfaCh-mO","jetpack-related-posts":[{"id":3235,"url":"https:\/\/bizraise.no\/en\/verdivurdering-og-taksering-for-revisorer\/","url_meta":{"origin":1414,"position":0},"title":"Revisorer og advokater","author":"Krogstad Kasper","date":"December 9, 2025","format":false,"excerpt":"Verdivurdering av anleggsmidler \u2013 for revisorer og advokater Bizraise tilbyr taksering\/verdivurdering av anleggsmidler med \u00abarmlengdes avstand\u00bb der revisorer, advokater og regnskapsbyr\u00e5er trenger ekstern bekreftelse p\u00e5 verdier i forbindelse med bla. bedriftssalg, og i fusjons- og fisjons-prosesser.\u00a0 Banker, aksjon\u00e6rer og andre kan ogs\u00e5 ha stor nytte av en slik vurdering. Vi\u2026","rel":"","context":"Similar post","block_context":{"text":"Similar post","link":""},"img":{"alt_text":"","src":"https:\/\/i0.wp.com\/bizraise.no\/wp-content\/uploads\/2023\/10\/Bizraise-uten-bakgrunn.png?resize=350%2C200&ssl=1","width":350,"height":200,"srcset":"https:\/\/i0.wp.com\/bizraise.no\/wp-content\/uploads\/2023\/10\/Bizraise-uten-bakgrunn.png?resize=350%2C200&ssl=1 1x, https:\/\/i0.wp.com\/bizraise.no\/wp-content\/uploads\/2023\/10\/Bizraise-uten-bakgrunn.png?resize=525%2C300&ssl=1 1.5x, https:\/\/i0.wp.com\/bizraise.no\/wp-content\/uploads\/2023\/10\/Bizraise-uten-bakgrunn.png?resize=700%2C400&ssl=1 2x, https:\/\/i0.wp.com\/bizraise.no\/wp-content\/uploads\/2023\/10\/Bizraise-uten-bakgrunn.png?resize=1050%2C600&ssl=1 3x, https:\/\/i0.wp.com\/bizraise.no\/wp-content\/uploads\/2023\/10\/Bizraise-uten-bakgrunn.png?resize=1400%2C800&ssl=1 4x"},"classes":[]},{"id":491,"url":"https:\/\/bizraise.no\/en\/tjenester\/","url_meta":{"origin":1414,"position":1},"title":"Services","author":"Krogstad Kasper","date":"June 14, 2022","format":false,"excerpt":"Kj\u00f8p og salg av bedrifter De siste 10 \u00e5rene har vi v\u00e6rt involvert i mer enn 50 bedriftssalg. De fleste oppdrag har v\u00e6rt individuelle, men vi har ogs\u00e5 st\u00e5ende oppdrag fra grupperinger som \u00f8nsker \u00e5 kj\u00f8pe vekst, og som velger \u00e5 ikke st\u00e5 fram med fullt navn. Vi bist\u00e5r ofte\u2026","rel":"","context":"Similar post","block_context":{"text":"Similar post","link":""},"img":{"alt_text":"","src":"","width":0,"height":0},"classes":[]},{"id":5,"url":"https:\/\/bizraise.no\/en\/","url_meta":{"origin":1414,"position":2},"title":"Home","author":"Krogstad Kasper","date":"July 20, 2021","format":false,"excerpt":"Bizraise AS - Din foretrukne partner innen forretningsutvikling, styrearbeid, strategi og bedriftsoverdragelse","rel":"","context":"Similar post","block_context":{"text":"Similar post","link":""},"img":{"alt_text":"","src":"https:\/\/i0.wp.com\/bizraise.no\/wp-content\/uploads\/2023\/11\/12.png?resize=350%2C200&ssl=1","width":350,"height":200,"srcset":"https:\/\/i0.wp.com\/bizraise.no\/wp-content\/uploads\/2023\/11\/12.png?resize=350%2C200&ssl=1 1x, https:\/\/i0.wp.com\/bizraise.no\/wp-content\/uploads\/2023\/11\/12.png?resize=525%2C300&ssl=1 1.5x, https:\/\/i0.wp.com\/bizraise.no\/wp-content\/uploads\/2023\/11\/12.png?resize=700%2C400&ssl=1 2x, https:\/\/i0.wp.com\/bizraise.no\/wp-content\/uploads\/2023\/11\/12.png?resize=1050%2C600&ssl=1 3x, https:\/\/i0.wp.com\/bizraise.no\/wp-content\/uploads\/2023\/11\/12.png?resize=1400%2C800&ssl=1 4x"},"classes":[]},{"id":3260,"url":"https:\/\/bizraise.no\/en\/takk-for-henvendelsen\/","url_meta":{"origin":1414,"position":3},"title":"Takk for henvendelsen","author":"Krogstad Kasper","date":"December 9, 2025","format":false,"excerpt":"Vi har mottatt foresp\u00f8rselen din Takk for at du tok kontakt. Henvendelsen er mottatt og vil bli vurdert av fagansvarlig hos Bizraise. Vi gjennomg\u00e5r informasjonen for \u00e5 vurdere: Omfang og form\u00e5l med verdivurderingen Relevante anleggsmidler Metodisk tiln\u00e6rming Videre fremdrift Du vil bli kontaktet innen\u00a01 virkedag.","rel":"","context":"Similar post","block_context":{"text":"Similar post","link":""},"img":{"alt_text":"","src":"","width":0,"height":0},"classes":[]},{"id":1463,"url":"https:\/\/bizraise.no\/en\/kjop-og-salg-av-bedrifter-2\/","url_meta":{"origin":1414,"position":4},"title":"Mergers and acquisitions","author":"Krogstad Kasper","date":"October 30, 2023","format":false,"excerpt":"KJ\u00d8P OG SALG AV BEDRIFTER Bedriftsmegling De siste 10 \u00e5rene har vi v\u00e6rt involvert i mer enn 50 bedriftssalg. De fleste oppdrag har v\u00e6rt individuelle, men vi har ogs\u00e5 st\u00e5ende oppdrag fra grupperinger som \u00f8nsker \u00e5 kj\u00f8pe vekst, og som velger \u00e5 ikke st\u00e5 fram med fullt navn. Vi bist\u00e5r\u2026","rel":"","context":"Similar post","block_context":{"text":"Similar post","link":""},"img":{"alt_text":"","src":"","width":0,"height":0},"classes":[]},{"id":769,"url":"https:\/\/bizraise.no\/en\/personvernerklaering\/","url_meta":{"origin":1414,"position":5},"title":"Privacy statement","author":"Krogstad Kasper","date":"July 19, 2022","format":false,"excerpt":"Personvernerkl\u00e6ring 1. Kontaktinformasjon til\u00a0Bizraise Bizraise er behandlingsansvarlig for h\u00e5ndtering av dine personopplysninger. Har du sp\u00f8rsm\u00e5l om behandlingen eller \u00f8nsker \u00e5 komme i kontakt med oss for \u00e5 ut\u00f8ve dine rettigheter, finner du kontaktinformasjonen v\u00e5r nedenfor: Bizraise ASToldbodbrygga 2,\u00a01606 FredrikstadOrganisasjonsnummer: 931925163\u00a0E-post adresse:\u00a0psk@bizraise.noMobil: 90135511 2. Sentrale begreper Personopplysninger er informasjon som alene\u2026","rel":"","context":"Similar post","block_context":{"text":"Similar post","link":""},"img":{"alt_text":"","src":"https:\/\/i0.wp.com\/bizraise.no\/wp-content\/uploads\/2023\/10\/Bizraise-uten-bakgrunn.png?resize=350%2C200&ssl=1","width":350,"height":200,"srcset":"https:\/\/i0.wp.com\/bizraise.no\/wp-content\/uploads\/2023\/10\/Bizraise-uten-bakgrunn.png?resize=350%2C200&ssl=1 1x, https:\/\/i0.wp.com\/bizraise.no\/wp-content\/uploads\/2023\/10\/Bizraise-uten-bakgrunn.png?resize=525%2C300&ssl=1 1.5x, https:\/\/i0.wp.com\/bizraise.no\/wp-content\/uploads\/2023\/10\/Bizraise-uten-bakgrunn.png?resize=700%2C400&ssl=1 2x, https:\/\/i0.wp.com\/bizraise.no\/wp-content\/uploads\/2023\/10\/Bizraise-uten-bakgrunn.png?resize=1050%2C600&ssl=1 3x, https:\/\/i0.wp.com\/bizraise.no\/wp-content\/uploads\/2023\/10\/Bizraise-uten-bakgrunn.png?resize=1400%2C800&ssl=1 4x"},"classes":[]}],"amp_enabled":true,"_links":{"self":[{"href":"https:\/\/bizraise.no\/en\/wp-json\/wp\/v2\/pages\/1414","targetHints":{"allow":["GET"]}}],"collection":[{"href":"https:\/\/bizraise.no\/en\/wp-json\/wp\/v2\/pages"}],"about":[{"href":"https:\/\/bizraise.no\/en\/wp-json\/wp\/v2\/types\/page"}],"author":[{"embeddable":true,"href":"https:\/\/bizraise.no\/en\/wp-json\/wp\/v2\/users\/192788114"}],"replies":[{"embeddable":true,"href":"https:\/\/bizraise.no\/en\/wp-json\/wp\/v2\/comments?post=1414"}],"version-history":[{"count":11,"href":"https:\/\/bizraise.no\/en\/wp-json\/wp\/v2\/pages\/1414\/revisions"}],"predecessor-version":[{"id":3302,"href":"https:\/\/bizraise.no\/en\/wp-json\/wp\/v2\/pages\/1414\/revisions\/3302"}],"wp:attachment":[{"href":"https:\/\/bizraise.no\/en\/wp-json\/wp\/v2\/media?parent=1414"}],"curies":[{"name":"wp","href":"https:\/\/api.w.org\/{rel}","templated":true}]}}