{"id":1088,"date":"2023-01-16T15:27:38","date_gmt":"2023-01-16T14:27:38","guid":{"rendered":"https:\/\/bizraise.no\/?page_id=1088"},"modified":"2025-12-12T18:35:47","modified_gmt":"2025-12-12T17:35:47","slug":"baerekraft","status":"publish","type":"page","link":"https:\/\/bizraise.no\/en\/baerekraft\/","title":{"rendered":"Sustainability"},"content":{"rendered":"<p class=\"has-arial-font-family has-custom-font wp-block-paragraph translation-block\" style=\"font-family:Arial;font-size:20px\">Bizraise strives to work according to the UN's 17 sustainability goals. We have a special focus on sustainability goal 8 \"decent work and sustainable growth\", and sustainability goal 12 \"responsible consumption and production\".<\/p>\n\n\n\n<div style=\"height:40px\" aria-hidden=\"true\" class=\"wp-block-spacer\"><\/div>\n\n\n\n<div class=\"wp-block-columns is-layout-flex wp-container-core-columns-is-layout-f56f613f wp-block-columns-is-layout-flex\">\n<div class=\"wp-block-column is-layout-flow wp-block-column-is-layout-flow\" style=\"flex-basis:50%\">\n<h2 class=\"wp-block-heading has-arial-font-family has-custom-font has-custom-transform\" style=\"font-size:30px;font-family:Arial;text-transform:uppercase\">Sustainability goal 8<\/h2>\n\n\n\n<p class=\"has-arial-font-family has-custom-font wp-block-paragraph\" style=\"font-family:Arial;font-size:20px\">Bizraise believes that hard and targeted work is necessary to create jobs and an economic basis for a sustainable society.<\/p>\n<\/div>\n\n\n\n<div class=\"wp-block-column is-layout-flow wp-block-column-is-layout-flow\" style=\"flex-basis:50%\">\n<figure class=\"wp-block-image aligncenter size-medium is-resized has-custom-border is-style-default\"><img data-recalc-dims=\"1\" fetchpriority=\"high\" decoding=\"async\" width=\"300\" height=\"300\" data-attachment-id=\"448\" data-permalink=\"https:\/\/bizraise.no\/en\/baerekraftmal-814\/\" data-orig-file=\"https:\/\/i0.wp.com\/bizraise.no\/wp-content\/uploads\/2022\/06\/Baerekraftmal-814.png?fit=892%2C894&amp;ssl=1\" data-orig-size=\"892,894\" data-comments-opened=\"1\" data-image-meta=\"{&quot;aperture&quot;:&quot;0&quot;,&quot;credit&quot;:&quot;&quot;,&quot;camera&quot;:&quot;&quot;,&quot;caption&quot;:&quot;&quot;,&quot;created_timestamp&quot;:&quot;0&quot;,&quot;copyright&quot;:&quot;&quot;,&quot;focal_length&quot;:&quot;0&quot;,&quot;iso&quot;:&quot;0&quot;,&quot;shutter_speed&quot;:&quot;0&quot;,&quot;title&quot;:&quot;&quot;,&quot;orientation&quot;:&quot;0&quot;}\" data-image-title=\"Baerekraftmal-814\" data-image-description=\"\" data-image-caption=\"\" data-large-file=\"https:\/\/i0.wp.com\/bizraise.no\/wp-content\/uploads\/2022\/06\/Baerekraftmal-814.png?fit=892%2C894&amp;ssl=1\" src=\"https:\/\/i0.wp.com\/bizraise.no\/wp-content\/uploads\/2022\/06\/Baerekraftmal-814.png?resize=300%2C300&#038;ssl=1\" alt=\"\" class=\"wp-image-448\" style=\"border-style:none;border-width:0px;border-radius:30px;width:224px;height:225px\" srcset=\"https:\/\/i0.wp.com\/bizraise.no\/wp-content\/uploads\/2022\/06\/Baerekraftmal-814.png?resize=300%2C300&amp;ssl=1 300w, https:\/\/i0.wp.com\/bizraise.no\/wp-content\/uploads\/2022\/06\/Baerekraftmal-814.png?resize=150%2C150&amp;ssl=1 150w, https:\/\/i0.wp.com\/bizraise.no\/wp-content\/uploads\/2022\/06\/Baerekraftmal-814.png?resize=768%2C770&amp;ssl=1 768w, https:\/\/i0.wp.com\/bizraise.no\/wp-content\/uploads\/2022\/06\/Baerekraftmal-814.png?resize=800%2C800&amp;ssl=1 800w, https:\/\/i0.wp.com\/bizraise.no\/wp-content\/uploads\/2022\/06\/Baerekraftmal-814.png?resize=400%2C400&amp;ssl=1 400w, https:\/\/i0.wp.com\/bizraise.no\/wp-content\/uploads\/2022\/06\/Baerekraftmal-814.png?resize=200%2C200&amp;ssl=1 200w, https:\/\/i0.wp.com\/bizraise.no\/wp-content\/uploads\/2022\/06\/Baerekraftmal-814.png?w=892&amp;ssl=1 892w\" sizes=\"(max-width: 300px) 100vw, 300px\" \/><\/figure>\n<\/div>\n<\/div>\n\n\n\n<div class=\"wp-block-columns is-layout-flex wp-container-core-columns-is-layout-f56f613f wp-block-columns-is-layout-flex\">\n<div class=\"wp-block-column is-layout-flow wp-block-column-is-layout-flow\" style=\"flex-basis:50%\">\n<h2 class=\"wp-block-heading has-arial-font-family has-custom-font has-custom-transform\" style=\"font-family:Arial;text-transform:uppercase;font-size:30px\">Sustainability goal 12<\/h2>\n\n\n\n<p class=\"has-arial-font-family has-custom-font wp-block-paragraph\" style=\"font-family:Arial;font-size:20px\">Bizraise believes that responsible production and consumption in a society must take environmental considerations into account, with a focus on the reduction of raw materials and reuse.<\/p>\n<\/div>\n\n\n\n<div class=\"wp-block-column is-layout-flow wp-block-column-is-layout-flow\" style=\"flex-basis:50%\">\n<figure class=\"wp-block-image aligncenter size-medium is-resized has-custom-border is-style-default\"><img data-recalc-dims=\"1\" decoding=\"async\" width=\"300\" height=\"300\" data-attachment-id=\"449\" data-permalink=\"https:\/\/bizraise.no\/en\/baerekraftmal-12100\/\" data-orig-file=\"https:\/\/i0.wp.com\/bizraise.no\/wp-content\/uploads\/2022\/06\/Baerekraftmal-12100.png?fit=896%2C894&amp;ssl=1\" data-orig-size=\"896,894\" data-comments-opened=\"1\" data-image-meta=\"{&quot;aperture&quot;:&quot;0&quot;,&quot;credit&quot;:&quot;&quot;,&quot;camera&quot;:&quot;&quot;,&quot;caption&quot;:&quot;&quot;,&quot;created_timestamp&quot;:&quot;0&quot;,&quot;copyright&quot;:&quot;&quot;,&quot;focal_length&quot;:&quot;0&quot;,&quot;iso&quot;:&quot;0&quot;,&quot;shutter_speed&quot;:&quot;0&quot;,&quot;title&quot;:&quot;&quot;,&quot;orientation&quot;:&quot;0&quot;}\" data-image-title=\"Baerekraftmal-12100\" data-image-description=\"\" data-image-caption=\"\" data-large-file=\"https:\/\/i0.wp.com\/bizraise.no\/wp-content\/uploads\/2022\/06\/Baerekraftmal-12100.png?fit=896%2C894&amp;ssl=1\" src=\"https:\/\/i0.wp.com\/bizraise.no\/wp-content\/uploads\/2022\/06\/Baerekraftmal-12100.png?resize=300%2C300&#038;ssl=1\" alt=\"\" class=\"wp-image-449\" style=\"border-style:none;border-width:0px;border-radius:30px;width:225px;height:224px\" srcset=\"https:\/\/i0.wp.com\/bizraise.no\/wp-content\/uploads\/2022\/06\/Baerekraftmal-12100.png?resize=300%2C300&amp;ssl=1 300w, https:\/\/i0.wp.com\/bizraise.no\/wp-content\/uploads\/2022\/06\/Baerekraftmal-12100.png?resize=150%2C150&amp;ssl=1 150w, https:\/\/i0.wp.com\/bizraise.no\/wp-content\/uploads\/2022\/06\/Baerekraftmal-12100.png?resize=768%2C766&amp;ssl=1 768w, https:\/\/i0.wp.com\/bizraise.no\/wp-content\/uploads\/2022\/06\/Baerekraftmal-12100.png?resize=800%2C800&amp;ssl=1 800w, https:\/\/i0.wp.com\/bizraise.no\/wp-content\/uploads\/2022\/06\/Baerekraftmal-12100.png?resize=400%2C400&amp;ssl=1 400w, https:\/\/i0.wp.com\/bizraise.no\/wp-content\/uploads\/2022\/06\/Baerekraftmal-12100.png?resize=200%2C200&amp;ssl=1 200w, https:\/\/i0.wp.com\/bizraise.no\/wp-content\/uploads\/2022\/06\/Baerekraftmal-12100.png?w=896&amp;ssl=1 896w\" sizes=\"(max-width: 300px) 100vw, 300px\" \/><\/figure>\n<\/div>\n<\/div>","protected":false},"excerpt":{"rendered":"<p>Bizraise tilstreber \u00e5 jobbe etter&nbsp;FN\u00b4s 17 b\u00e6rekraftm\u00e5l. Vi har spesielt s\u00f8kelys p\u00e5 b\u00e6rekraftm\u00e5l 8 \u00abanstendig arbeid og b\u00e6rekraftig vekst\u00bb, og b\u00e6rekraftm\u00e5l 12 \u00abansvarlig forbruk og produksjon\u00bb. B\u00e6rekraftsm\u00e5l 8 Bizraise mener at hardt og m\u00e5lrettet arbeid er n\u00f8dvendig for \u00e5 skape arbeidsplasser og \u00f8konomisk grunnlag for et b\u00e6rekraftig samfunn. B\u00e6rekraftsm\u00e5l 12 Bizraise mener at ansvarlig produksjon [&hellip;]<\/p>\n","protected":false},"author":192788114,"featured_media":0,"parent":0,"menu_order":0,"comment_status":"closed","ping_status":"closed","template":"","meta":{"_coblocks_attr":"Cormorant Garamond,Cormorant Garamond,Arial","_coblocks_dimensions":"","_coblocks_responsive_height":"","_coblocks_accordion_ie_support":"","_crdt_document":"","ngg_post_thumbnail":0,"footnotes":""},"class_list":["post-1088","page","type-page","status-publish","hentry"],"jetpack_likes_enabled":true,"jetpack_sharing_enabled":true,"jetpack_shortlink":"https:\/\/wp.me\/PdfaCh-hy","jetpack-related-posts":[{"id":1449,"url":"https:\/\/bizraise.no\/en\/forretningsutvikling-2\/","url_meta":{"origin":1088,"position":0},"title":"Business development","author":"Krogstad Kasper","date":"October 30, 2023","format":false,"excerpt":"FORRETNINGSUTVIKLING La oss bist\u00e5 med ekspertkompetanse p\u00e5 utvikling V\u00e5r styrke fra arbeid i n\u00e6rmest alle bransjer de siste 30 \u00e5r, er \u00e5 finne og utvikle forretnings-messige- og organisasjonsmessige synergier. Hvordan vurdere fordeler og ulemper med forskjellig type samhandling internt i bedriften, og i samspill med samarbeidspartnere eller andre bedrifter og\u2026","rel":"","context":"Similar post","block_context":{"text":"Similar post","link":""},"img":{"alt_text":"","src":"","width":0,"height":0},"classes":[]},{"id":491,"url":"https:\/\/bizraise.no\/en\/tjenester\/","url_meta":{"origin":1088,"position":1},"title":"Services","author":"Krogstad Kasper","date":"June 14, 2022","format":false,"excerpt":"Kj\u00f8p og salg av bedrifter De siste 10 \u00e5rene har vi v\u00e6rt involvert i mer enn 50 bedriftssalg. De fleste oppdrag har v\u00e6rt individuelle, men vi har ogs\u00e5 st\u00e5ende oppdrag fra grupperinger som \u00f8nsker \u00e5 kj\u00f8pe vekst, og som velger \u00e5 ikke st\u00e5 fram med fullt navn. Vi bist\u00e5r ofte\u2026","rel":"","context":"Similar post","block_context":{"text":"Similar post","link":""},"img":{"alt_text":"","src":"","width":0,"height":0},"classes":[]},{"id":3235,"url":"https:\/\/bizraise.no\/en\/verdivurdering-og-taksering-for-revisorer\/","url_meta":{"origin":1088,"position":2},"title":"Revisorer og advokater","author":"Krogstad Kasper","date":"December 9, 2025","format":false,"excerpt":"Verdivurdering av anleggsmidler \u2013 for revisorer og advokater Bizraise tilbyr taksering\/verdivurdering av anleggsmidler med \u00abarmlengdes avstand\u00bb der revisorer, advokater og regnskapsbyr\u00e5er trenger ekstern bekreftelse p\u00e5 verdier i forbindelse med bla. bedriftssalg, og i fusjons- og fisjons-prosesser.\u00a0 Banker, aksjon\u00e6rer og andre kan ogs\u00e5 ha stor nytte av en slik vurdering. Vi\u2026","rel":"","context":"Similar post","block_context":{"text":"Similar post","link":""},"img":{"alt_text":"","src":"https:\/\/i0.wp.com\/bizraise.no\/wp-content\/uploads\/2023\/10\/Bizraise-uten-bakgrunn.png?resize=350%2C200&ssl=1","width":350,"height":200,"srcset":"https:\/\/i0.wp.com\/bizraise.no\/wp-content\/uploads\/2023\/10\/Bizraise-uten-bakgrunn.png?resize=350%2C200&ssl=1 1x, https:\/\/i0.wp.com\/bizraise.no\/wp-content\/uploads\/2023\/10\/Bizraise-uten-bakgrunn.png?resize=525%2C300&ssl=1 1.5x, https:\/\/i0.wp.com\/bizraise.no\/wp-content\/uploads\/2023\/10\/Bizraise-uten-bakgrunn.png?resize=700%2C400&ssl=1 2x, https:\/\/i0.wp.com\/bizraise.no\/wp-content\/uploads\/2023\/10\/Bizraise-uten-bakgrunn.png?resize=1050%2C600&ssl=1 3x, https:\/\/i0.wp.com\/bizraise.no\/wp-content\/uploads\/2023\/10\/Bizraise-uten-bakgrunn.png?resize=1400%2C800&ssl=1 4x"},"classes":[]},{"id":1337,"url":"https:\/\/bizraise.no\/en\/strategiarbeid-2\/","url_meta":{"origin":1088,"position":3},"title":"Strategy work","author":"Krogstad Kasper","date":"October 30, 2023","format":false,"excerpt":"STRATEGIARBEID Hva skal til? Strategiarbeid dreier seg om hva bedriften eller organisasjonen \u00f8nsker, og hvordan man kommer dit. Sentrale uttrykk er \u00abvisjon\u00bb, \u00abmisjon\u00bb, \u00abverdier\u00bb, \u00abmilep\u00e6ler\u00bb, og \u00abinvolvering\u00bb. Vi bruker kjente modeller og metoder, som bla.\u00a0\u00a0SWOT, Porters5, PESTEL, og Business Canvas, for \u00e5 finne fram til best mulig \u00abl\u00f8p\u00bb for hver\u2026","rel":"","context":"Similar post","block_context":{"text":"Similar post","link":""},"img":{"alt_text":"","src":"","width":0,"height":0},"classes":[]},{"id":1423,"url":"https:\/\/bizraise.no\/en\/styrearbeid-2\/","url_meta":{"origin":1088,"position":4},"title":"Board work","author":"Krogstad Kasper","date":"October 30, 2023","format":false,"excerpt":"STYREARBEID Vi setter sammen et velfungerende styre Styrearbeid er s\u00e5 mye mer enn \u00e5 levere opplysninger til\u00a0skatteetaten.\u00a0Et styre kan v\u00e6re selskapets rimeligste konsulenthjelp. Et stort styre har mer kompetanse enn et lite styre. Et godt og velfungerende styre best\u00e5r av personer med komplement\u00e6r kompetanse, spredt erfaring, og fra begge kj\u00f8nn.\u2026","rel":"","context":"Similar post","block_context":{"text":"Similar post","link":""},"img":{"alt_text":"","src":"","width":0,"height":0},"classes":[]},{"id":1414,"url":"https:\/\/bizraise.no\/en\/taksering-av-anleggsmidler\/","url_meta":{"origin":1088,"position":5},"title":"Valuation of fixed assets","author":"Krogstad Kasper","date":"October 30, 2023","format":false,"excerpt":"TAKSERING AV ANLEGGSMIDLER Prosessen med taksering Bizraise AS tilbyr taksering av anleggsmidler med \u00abarmlengdes avstand\u00bb der revisorer, advokater og regnskapsbyr\u00e5er trenger ekstern bekreftelse p\u00e5 verdier i forbindelse med bla. bedriftssalg, og i fusjons- og fisjons-prosesser. Banker, aksjon\u00e6rer og andre kan ogs\u00e5 ha stor nytte av en slik takst. Takseringsjobben er\u2026","rel":"","context":"Similar post","block_context":{"text":"Similar post","link":""},"img":{"alt_text":"","src":"","width":0,"height":0},"classes":[]}],"amp_enabled":true,"_links":{"self":[{"href":"https:\/\/bizraise.no\/en\/wp-json\/wp\/v2\/pages\/1088","targetHints":{"allow":["GET"]}}],"collection":[{"href":"https:\/\/bizraise.no\/en\/wp-json\/wp\/v2\/pages"}],"about":[{"href":"https:\/\/bizraise.no\/en\/wp-json\/wp\/v2\/types\/page"}],"author":[{"embeddable":true,"href":"https:\/\/bizraise.no\/en\/wp-json\/wp\/v2\/users\/192788114"}],"replies":[{"embeddable":true,"href":"https:\/\/bizraise.no\/en\/wp-json\/wp\/v2\/comments?post=1088"}],"version-history":[{"count":11,"href":"https:\/\/bizraise.no\/en\/wp-json\/wp\/v2\/pages\/1088\/revisions"}],"predecessor-version":[{"id":3297,"href":"https:\/\/bizraise.no\/en\/wp-json\/wp\/v2\/pages\/1088\/revisions\/3297"}],"wp:attachment":[{"href":"https:\/\/bizraise.no\/en\/wp-json\/wp\/v2\/media?parent=1088"}],"curies":[{"name":"wp","href":"https:\/\/api.w.org\/{rel}","templated":true}]}}